{"id":43,"date":"2022-08-23T10:46:03","date_gmt":"2022-08-23T08:46:03","guid":{"rendered":"https:\/\/www.kunstloft.ch\/magazin\/?page_id=43"},"modified":"2025-07-24T17:08:42","modified_gmt":"2025-07-24T15:08:42","slug":"impressum","status":"publish","type":"page","link":"https:\/\/www.kunstloft.ch\/magazin\/impressum\/","title":{"rendered":"Impressum"},"content":{"rendered":"\t\t<div data-elementor-type=\"wp-page\" data-elementor-id=\"43\" class=\"elementor elementor-43\">\n\t\t\t\t\t\t<section class=\"elementor-section elementor-top-section elementor-element elementor-element-27668bf elementor-section-boxed elementor-section-height-default elementor-section-height-default\" data-id=\"27668bf\" data-element_type=\"section\">\n\t\t\t\t\t\t<div class=\"elementor-container elementor-column-gap-default\">\n\t\t\t\t\t<div class=\"elementor-column elementor-col-33 elementor-top-column elementor-element elementor-element-487fd8c\" data-id=\"487fd8c\" data-element_type=\"column\">\n\t\t\t<div class=\"elementor-widget-wrap elementor-element-populated\">\n\t\t\t\t\t\t<div class=\"elementor-element elementor-element-ed322c0 elementor-widget elementor-widget-spacer\" data-id=\"ed322c0\" data-element_type=\"widget\" data-widget_type=\"spacer.default\">\n\t\t\t\t<div class=\"elementor-widget-container\">\n\t\t\t\t\t\t\t<div class=\"elementor-spacer\">\n\t\t\t<div class=\"elementor-spacer-inner\"><\/div>\n\t\t<\/div>\n\t\t\t\t\t\t<\/div>\n\t\t\t\t<\/div>\n\t\t\t\t<div class=\"elementor-element elementor-element-8d9db49 elementor-widget elementor-widget-heading\" data-id=\"8d9db49\" data-element_type=\"widget\" data-widget_type=\"heading.default\">\n\t\t\t\t<div class=\"elementor-widget-container\">\n\t\t\t\t\t<h3 class=\"elementor-heading-title elementor-size-medium\">Informationen<\/h3>\t\t\t\t<\/div>\n\t\t\t\t<\/div>\n\t\t\t\t<div class=\"elementor-element elementor-element-5eba5cb elementor-widget elementor-widget-text-editor\" data-id=\"5eba5cb\" data-element_type=\"widget\" data-widget_type=\"text-editor.default\">\n\t\t\t\t<div class=\"elementor-widget-container\">\n\t\t\t\t\t\t\t\t\t<ul class=\"shop-sites--navigation sidebar--navigation navigation--list is--drop-down is--level0\" role=\"menu\"><li class=\"navigation--entry\" role=\"menuitem\"><a class=\"navigation--link\" title=\"FAQ - H\u00e4ufige Fragen\" href=\"https:\/\/www.kunstloft.ch\/faq-haeufige-fragen\" target=\"_parent\" rel=\"noopener\" data-categoryid=\"48\" data-fetchurl=\"\/widgets\/listing\/getCustomPage\/pageId\/48\">FAQ &#8211; H\u00e4ufige Fragen<\/a><\/li><li class=\"navigation--entry\" role=\"menuitem\"><a class=\"navigation--link\" title=\"\u00dcber uns\" href=\"https:\/\/www.kunstloft.ch\/ueber-uns\/\" target=\"_parent\" rel=\"noopener\" data-categoryid=\"106\" data-fetchurl=\"\/widgets\/listing\/getCustomPage\/pageId\/106\">\u00dcber uns<\/a><\/li><li class=\"navigation--entry\" role=\"menuitem\"><a class=\"navigation--link\" title=\"Versand und Zahlungsbedingungen\" href=\"https:\/\/www.kunstloft.ch\/versand-und-zahlungsbedingungen\/\" target=\"_blank\" rel=\"noopener\" data-categoryid=\"6\" data-fetchurl=\"\/widgets\/listing\/getCustomPage\/pageId\/6\">Versand und Zahlungsbedingungen<\/a><\/li><li class=\"navigation--entry\" role=\"menuitem\"><a class=\"navigation--link\" title=\"Datenschutz\" href=\"https:\/\/www.kunstloft.ch\/datenschutz\/\" target=\"_blank\" rel=\"noopener\" data-categoryid=\"7\" data-fetchurl=\"\/widgets\/listing\/getCustomPage\/pageId\/7\">Datenschutz<\/a><\/li><li class=\"navigation--entry\" role=\"menuitem\"><a class=\"navigation--link\" title=\"Widerrufsrecht\" href=\"https:\/\/www.kunstloft.ch\/widerrufsrecht\/\" target=\"_blank\" rel=\"noopener\" data-categoryid=\"8\" data-fetchurl=\"\/widgets\/listing\/getCustomPage\/pageId\/8\">Widerrufsrecht<\/a><\/li><li class=\"navigation--entry\" role=\"menuitem\"><a class=\"navigation--link\" title=\"AGB\" href=\"https:\/\/www.kunstloft.ch\/agb\/\" target=\"_blank\" rel=\"noopener\" data-categoryid=\"4\" data-fetchurl=\"\/widgets\/listing\/getCustomPage\/pageId\/4\">AGB<\/a><\/li><li class=\"navigation--entry\" role=\"menuitem\"><a class=\"navigation--link\" title=\"Kontakt\" href=\"https:\/\/www.kunstloft.ch\/kontaktformular\/\" target=\"_self\" rel=\"noopener\" data-categoryid=\"1\" data-fetchurl=\"\/widgets\/listing\/getCustomPage\/pageId\/1\">Kontakt<\/a><\/li><li class=\"navigation--entry\" role=\"menuitem\"><a class=\"navigation--link\" title=\"Newsletter\" href=\"https:\/\/www.kunstloft.ch\/newsletter\" target=\"_self\" rel=\"noopener\" data-categoryid=\"26\" data-fetchurl=\"\/widgets\/listing\/getCustomPage\/pageId\/26\">Newsletter<\/a><\/li><\/ul>\t\t\t\t\t\t\t\t<\/div>\n\t\t\t\t<\/div>\n\t\t\t\t\t<\/div>\n\t\t<\/div>\n\t\t\t\t<div class=\"elementor-column elementor-col-66 elementor-top-column elementor-element elementor-element-625627c\" data-id=\"625627c\" data-element_type=\"column\">\n\t\t\t<div class=\"elementor-widget-wrap elementor-element-populated\">\n\t\t\t\t\t\t<div class=\"elementor-element elementor-element-e012dd8 elementor-widget elementor-widget-image\" data-id=\"e012dd8\" data-element_type=\"widget\" data-widget_type=\"image.default\">\n\t\t\t\t<div class=\"elementor-widget-container\">\n\t\t\t\t\t\t\t\t\t\t\t\t\t\t\t<img decoding=\"async\" width=\"300\" height=\"65\" src=\"https:\/\/www.kunstloft.ch\/magazin\/wp-content\/uploads\/2024\/01\/kunstloft-logo-web-CH-v01-300x65.png\" class=\"attachment-medium size-medium wp-image-11310\" alt=\"\" srcset=\"https:\/\/www.kunstloft.ch\/magazin\/wp-content\/uploads\/2024\/01\/kunstloft-logo-web-CH-v01-300x65.png 300w, https:\/\/www.kunstloft.ch\/magazin\/wp-content\/uploads\/2024\/01\/kunstloft-logo-web-CH-v01-768x167.png 768w, https:\/\/www.kunstloft.ch\/magazin\/wp-content\/uploads\/2024\/01\/kunstloft-logo-web-CH-v01-640x140.png 640w, https:\/\/www.kunstloft.ch\/magazin\/wp-content\/uploads\/2024\/01\/kunstloft-logo-web-CH-v01.png 867w\" sizes=\"100vw\" \/>\t\t\t\t\t\t\t\t\t\t\t\t\t\t\t<\/div>\n\t\t\t\t<\/div>\n\t\t\t\t<div class=\"elementor-element elementor-element-39d1bd3 elementor-widget elementor-widget-spacer\" data-id=\"39d1bd3\" data-element_type=\"widget\" data-widget_type=\"spacer.default\">\n\t\t\t\t<div class=\"elementor-widget-container\">\n\t\t\t\t\t\t\t<div class=\"elementor-spacer\">\n\t\t\t<div class=\"elementor-spacer-inner\"><\/div>\n\t\t<\/div>\n\t\t\t\t\t\t<\/div>\n\t\t\t\t<\/div>\n\t\t\t\t<div class=\"elementor-element elementor-element-c980727 elementor-widget elementor-widget-text-editor\" data-id=\"c980727\" data-element_type=\"widget\" data-widget_type=\"text-editor.default\">\n\t\t\t\t<div class=\"elementor-widget-container\">\n\t\t\t\t\t\t\t\t\t<p><strong>KUNSTLOFT ist eine Marke der<\/strong><\/p><p><strong>Boost Internet GmbH<\/strong><br \/>diese vertr. d. d. Gesch&amp;auml;ftsf&amp;uuml;hrer Christian B&amp;uuml;cherl, Hendrik Grallert<\/p><p>Wei\u00dfenfelder Str. 5-7<br \/>85551 Kirchheim bei M\u00fcnchen<br \/>Deutschland<\/p><p><strong>Telefon:<\/strong> <a href=\"tel:+49 89 45212737\">+49 89 45212737<\/a><br \/><strong>E-Mail:<\/strong> <a href=\"mailto:service@kunstloft.de\">service@kunstloft.ch<\/a><br \/><strong>USt-IdNr.:<\/strong> DE272921255<br \/>eingetragen im Handelsregister des Amtsgerichtes M\u00fcnchen<br \/>Handelsregisternummer HRB 186965<\/p><p><strong>Inhaltlich Verantwortlicher gem\u00e4\u00df \u00a7 18 Abs. 2 MStV:<\/strong><\/p>\t\t\t\t\t\t\t\t<\/div>\n\t\t\t\t<\/div>\n\t\t\t\t<div class=\"elementor-element elementor-element-b12d7fa elementor-widget elementor-widget-text-editor\" data-id=\"b12d7fa\" data-element_type=\"widget\" data-widget_type=\"text-editor.default\">\n\t\t\t\t<div class=\"elementor-widget-container\">\n\t\t\t\t\t\t\t\t\t<p>Wir sind nicht bereit und nicht verpflichtet, an Streitbeilegungsverfahren vor Verbraucherschlichtungsstellen teilzunehmen.<\/p><p><strong>Quellenangaben f\u00fcr die verwendeten Bilder und Grafiken:<\/strong><\/p><p>\u00a0<a title=\"Bildnachweis\" href=\"https:\/\/www.kunstloft.de\/bildnachweis\/\">Bildnachweis<\/a><\/p>\t\t\t\t\t\t\t\t<\/div>\n\t\t\t\t<\/div>\n\t\t\t\t\t<\/div>\n\t\t<\/div>\n\t\t\t\t\t<\/div>\n\t\t<\/section>\n\t\t\t\t<section class=\"elementor-section elementor-top-section elementor-element elementor-element-2634657 elementor-section-boxed elementor-section-height-default elementor-section-height-default\" data-id=\"2634657\" data-element_type=\"section\">\n\t\t\t\t\t\t<div class=\"elementor-container elementor-column-gap-default\">\n\t\t\t\t\t<div class=\"elementor-column elementor-col-100 elementor-top-column elementor-element elementor-element-541d1db\" data-id=\"541d1db\" data-element_type=\"column\">\n\t\t\t<div class=\"elementor-widget-wrap elementor-element-populated\">\n\t\t\t\t\t\t<div class=\"elementor-element elementor-element-86f35d7 elementor-widget elementor-widget-spacer\" data-id=\"86f35d7\" data-element_type=\"widget\" data-widget_type=\"spacer.default\">\n\t\t\t\t<div class=\"elementor-widget-container\">\n\t\t\t\t\t\t\t<div class=\"elementor-spacer\">\n\t\t\t<div class=\"elementor-spacer-inner\"><\/div>\n\t\t<\/div>\n\t\t\t\t\t\t<\/div>\n\t\t\t\t<\/div>\n\t\t\t\t\t<\/div>\n\t\t<\/div>\n\t\t\t\t\t<\/div>\n\t\t<\/section>\n\t\t\t\t<\/div>\n\t\t","protected":false},"excerpt":{"rendered":"<p>Informationen FAQ &#8211; H\u00e4ufige Fragen \u00dcber uns Versand und Zahlungsbedingungen Datenschutz Widerrufsrecht AGB Kontakt Newsletter KUNSTLOFT ist eine Marke der Boost Internet GmbHdiese vertr. d. d. Gesch&amp;auml;ftsf&amp;uuml;hrer Christian B&amp;uuml;cherl, Hendrik Grallert Wei\u00dfenfelder Str. 5-785551 Kirchheim bei M\u00fcnchenDeutschland Telefon: +49 89 45212737E-Mail: service@kunstloft.chUSt-IdNr.: DE272921255eingetragen im Handelsregister des Amtsgerichtes M\u00fcnchenHandelsregisternummer HRB 186965 Inhaltlich Verantwortlicher gem\u00e4\u00df \u00a7 18 &hellip; <\/p>\n<p class=\"link-more\"><a href=\"https:\/\/www.kunstloft.ch\/magazin\/impressum\/\" class=\"more-link\">Read more<span class=\"screen-reader-text\"> &#171;Impressum&#187;<\/span><\/a><\/p>\n","protected":false},"author":4,"featured_media":0,"parent":0,"menu_order":0,"comment_status":"closed","ping_status":"closed","template":"","meta":{"footnotes":""},"class_list":["post-43","page","type-page","status-publish","hentry"],"yoast_head":"<!-- This site is optimized with the Yoast SEO plugin v26.2 - https:\/\/yoast.com\/wordpress\/plugins\/seo\/ -->\n<title>Impressum - KUNSTLOFT<\/title>\n<meta name=\"description\" content=\"Impressum | Kunstloft.ch\" \/>\n<meta name=\"robots\" content=\"index, follow, max-snippet:-1, max-image-preview:large, max-video-preview:-1\" \/>\n<link rel=\"canonical\" href=\"https:\/\/www.kunstloft.ch\/magazin\/impressum\/\" \/>\n<meta property=\"og:locale\" content=\"de_DE\" \/>\n<meta property=\"og:type\" content=\"article\" \/>\n<meta property=\"og:title\" content=\"Impressum - KUNSTLOFT\" \/>\n<meta property=\"og:description\" content=\"Impressum | Kunstloft.ch\" \/>\n<meta property=\"og:url\" content=\"https:\/\/www.kunstloft.ch\/magazin\/impressum\/\" \/>\n<meta property=\"og:site_name\" content=\"KUNSTLOFT\" \/>\n<meta property=\"article:publisher\" content=\"https:\/\/de-de.facebook.com\/kunstloft\/\" \/>\n<meta property=\"article:modified_time\" content=\"2025-07-24T15:08:42+00:00\" \/>\n<meta property=\"og:image\" content=\"https:\/\/www.kunstloft.ch\/magazin\/wp-content\/uploads\/2024\/01\/kunstloft-logo-web-CH-v01-300x65.png\" \/>\n<meta name=\"twitter:card\" content=\"summary_large_image\" \/>\n<meta name=\"twitter:label1\" content=\"Gesch\u00e4tzte Lesezeit\" \/>\n\t<meta name=\"twitter:data1\" content=\"1\u00a0Minute\" \/>\n<script type=\"application\/ld+json\" class=\"yoast-schema-graph\">{\"@context\":\"https:\/\/schema.org\",\"@graph\":[{\"@type\":\"WebPage\",\"@id\":\"https:\/\/www.kunstloft.ch\/magazin\/impressum\/\",\"url\":\"https:\/\/www.kunstloft.ch\/magazin\/impressum\/\",\"name\":\"Impressum - KUNSTLOFT\",\"isPartOf\":{\"@id\":\"https:\/\/www.kunstloft.ch\/magazin\/#website\"},\"primaryImageOfPage\":{\"@id\":\"https:\/\/www.kunstloft.ch\/magazin\/impressum\/#primaryimage\"},\"image\":{\"@id\":\"https:\/\/www.kunstloft.ch\/magazin\/impressum\/#primaryimage\"},\"thumbnailUrl\":\"https:\/\/www.kunstloft.ch\/magazin\/wp-content\/uploads\/2024\/01\/kunstloft-logo-web-CH-v01-300x65.png\",\"datePublished\":\"2022-08-23T08:46:03+00:00\",\"dateModified\":\"2025-07-24T15:08:42+00:00\",\"description\":\"Impressum | Kunstloft.ch\",\"breadcrumb\":{\"@id\":\"https:\/\/www.kunstloft.ch\/magazin\/impressum\/#breadcrumb\"},\"inLanguage\":\"de-CH\",\"potentialAction\":[{\"@type\":\"ReadAction\",\"target\":[\"https:\/\/www.kunstloft.ch\/magazin\/impressum\/\"]}]},{\"@type\":\"ImageObject\",\"inLanguage\":\"de-CH\",\"@id\":\"https:\/\/www.kunstloft.ch\/magazin\/impressum\/#primaryimage\",\"url\":\"https:\/\/www.kunstloft.ch\/magazin\/wp-content\/uploads\/2024\/01\/kunstloft-logo-web-CH-v01.png\",\"contentUrl\":\"https:\/\/www.kunstloft.ch\/magazin\/wp-content\/uploads\/2024\/01\/kunstloft-logo-web-CH-v01.png\",\"width\":867,\"height\":189},{\"@type\":\"BreadcrumbList\",\"@id\":\"https:\/\/www.kunstloft.ch\/magazin\/impressum\/#breadcrumb\",\"itemListElement\":[{\"@type\":\"ListItem\",\"position\":1,\"name\":\"Startseite\",\"item\":\"https:\/\/www.kunstloft.ch\/magazin\/\"},{\"@type\":\"ListItem\",\"position\":2,\"name\":\"Impressum\"}]},{\"@type\":\"WebSite\",\"@id\":\"https:\/\/www.kunstloft.ch\/magazin\/#website\",\"url\":\"https:\/\/www.kunstloft.ch\/magazin\/\",\"name\":\"KUNSTLOFT\",\"description\":\"Magazin\",\"publisher\":{\"@id\":\"https:\/\/www.kunstloft.ch\/magazin\/#organization\"},\"potentialAction\":[{\"@type\":\"SearchAction\",\"target\":{\"@type\":\"EntryPoint\",\"urlTemplate\":\"https:\/\/www.kunstloft.ch\/magazin\/?s={search_term_string}\"},\"query-input\":{\"@type\":\"PropertyValueSpecification\",\"valueRequired\":true,\"valueName\":\"search_term_string\"}}],\"inLanguage\":\"de-CH\"},{\"@type\":\"Organization\",\"@id\":\"https:\/\/www.kunstloft.ch\/magazin\/#organization\",\"name\":\"KUNSTLOFT\",\"url\":\"https:\/\/www.kunstloft.ch\/magazin\/\",\"logo\":{\"@type\":\"ImageObject\",\"inLanguage\":\"de-CH\",\"@id\":\"https:\/\/www.kunstloft.ch\/magazin\/#\/schema\/logo\/image\/\",\"url\":\"https:\/\/www.kunstloft.ch\/magazin\/wp-content\/uploads\/2022\/08\/Logo-Kunstloft-512x512-1.png\",\"contentUrl\":\"https:\/\/www.kunstloft.ch\/magazin\/wp-content\/uploads\/2022\/08\/Logo-Kunstloft-512x512-1.png\",\"width\":512,\"height\":512,\"caption\":\"KUNSTLOFT\"},\"image\":{\"@id\":\"https:\/\/www.kunstloft.ch\/magazin\/#\/schema\/logo\/image\/\"},\"sameAs\":[\"https:\/\/de-de.facebook.com\/kunstloft\/\",\"https:\/\/www.instagram.com\/kunstloft\/?hl=de\"]}]}<\/script>\n<!-- \/ Yoast SEO plugin. -->","yoast_head_json":{"title":"Impressum - KUNSTLOFT","description":"Impressum | Kunstloft.ch","robots":{"index":"index","follow":"follow","max-snippet":"max-snippet:-1","max-image-preview":"max-image-preview:large","max-video-preview":"max-video-preview:-1"},"canonical":"https:\/\/www.kunstloft.ch\/magazin\/impressum\/","og_locale":"de_DE","og_type":"article","og_title":"Impressum - KUNSTLOFT","og_description":"Impressum | Kunstloft.ch","og_url":"https:\/\/www.kunstloft.ch\/magazin\/impressum\/","og_site_name":"KUNSTLOFT","article_publisher":"https:\/\/de-de.facebook.com\/kunstloft\/","article_modified_time":"2025-07-24T15:08:42+00:00","og_image":[{"url":"https:\/\/www.kunstloft.ch\/magazin\/wp-content\/uploads\/2024\/01\/kunstloft-logo-web-CH-v01-300x65.png","type":"","width":"","height":""}],"twitter_card":"summary_large_image","twitter_misc":{"Gesch\u00e4tzte Lesezeit":"1\u00a0Minute"},"schema":{"@context":"https:\/\/schema.org","@graph":[{"@type":"WebPage","@id":"https:\/\/www.kunstloft.ch\/magazin\/impressum\/","url":"https:\/\/www.kunstloft.ch\/magazin\/impressum\/","name":"Impressum - KUNSTLOFT","isPartOf":{"@id":"https:\/\/www.kunstloft.ch\/magazin\/#website"},"primaryImageOfPage":{"@id":"https:\/\/www.kunstloft.ch\/magazin\/impressum\/#primaryimage"},"image":{"@id":"https:\/\/www.kunstloft.ch\/magazin\/impressum\/#primaryimage"},"thumbnailUrl":"https:\/\/www.kunstloft.ch\/magazin\/wp-content\/uploads\/2024\/01\/kunstloft-logo-web-CH-v01-300x65.png","datePublished":"2022-08-23T08:46:03+00:00","dateModified":"2025-07-24T15:08:42+00:00","description":"Impressum | Kunstloft.ch","breadcrumb":{"@id":"https:\/\/www.kunstloft.ch\/magazin\/impressum\/#breadcrumb"},"inLanguage":"de-CH","potentialAction":[{"@type":"ReadAction","target":["https:\/\/www.kunstloft.ch\/magazin\/impressum\/"]}]},{"@type":"ImageObject","inLanguage":"de-CH","@id":"https:\/\/www.kunstloft.ch\/magazin\/impressum\/#primaryimage","url":"https:\/\/www.kunstloft.ch\/magazin\/wp-content\/uploads\/2024\/01\/kunstloft-logo-web-CH-v01.png","contentUrl":"https:\/\/www.kunstloft.ch\/magazin\/wp-content\/uploads\/2024\/01\/kunstloft-logo-web-CH-v01.png","width":867,"height":189},{"@type":"BreadcrumbList","@id":"https:\/\/www.kunstloft.ch\/magazin\/impressum\/#breadcrumb","itemListElement":[{"@type":"ListItem","position":1,"name":"Startseite","item":"https:\/\/www.kunstloft.ch\/magazin\/"},{"@type":"ListItem","position":2,"name":"Impressum"}]},{"@type":"WebSite","@id":"https:\/\/www.kunstloft.ch\/magazin\/#website","url":"https:\/\/www.kunstloft.ch\/magazin\/","name":"KUNSTLOFT","description":"Magazin","publisher":{"@id":"https:\/\/www.kunstloft.ch\/magazin\/#organization"},"potentialAction":[{"@type":"SearchAction","target":{"@type":"EntryPoint","urlTemplate":"https:\/\/www.kunstloft.ch\/magazin\/?s={search_term_string}"},"query-input":{"@type":"PropertyValueSpecification","valueRequired":true,"valueName":"search_term_string"}}],"inLanguage":"de-CH"},{"@type":"Organization","@id":"https:\/\/www.kunstloft.ch\/magazin\/#organization","name":"KUNSTLOFT","url":"https:\/\/www.kunstloft.ch\/magazin\/","logo":{"@type":"ImageObject","inLanguage":"de-CH","@id":"https:\/\/www.kunstloft.ch\/magazin\/#\/schema\/logo\/image\/","url":"https:\/\/www.kunstloft.ch\/magazin\/wp-content\/uploads\/2022\/08\/Logo-Kunstloft-512x512-1.png","contentUrl":"https:\/\/www.kunstloft.ch\/magazin\/wp-content\/uploads\/2022\/08\/Logo-Kunstloft-512x512-1.png","width":512,"height":512,"caption":"KUNSTLOFT"},"image":{"@id":"https:\/\/www.kunstloft.ch\/magazin\/#\/schema\/logo\/image\/"},"sameAs":["https:\/\/de-de.facebook.com\/kunstloft\/","https:\/\/www.instagram.com\/kunstloft\/?hl=de"]}]}},"_links":{"self":[{"href":"https:\/\/www.kunstloft.ch\/magazin\/wp-json\/wp\/v2\/pages\/43","targetHints":{"allow":["GET"]}}],"collection":[{"href":"https:\/\/www.kunstloft.ch\/magazin\/wp-json\/wp\/v2\/pages"}],"about":[{"href":"https:\/\/www.kunstloft.ch\/magazin\/wp-json\/wp\/v2\/types\/page"}],"author":[{"embeddable":true,"href":"https:\/\/www.kunstloft.ch\/magazin\/wp-json\/wp\/v2\/users\/4"}],"replies":[{"embeddable":true,"href":"https:\/\/www.kunstloft.ch\/magazin\/wp-json\/wp\/v2\/comments?post=43"}],"version-history":[{"count":20,"href":"https:\/\/www.kunstloft.ch\/magazin\/wp-json\/wp\/v2\/pages\/43\/revisions"}],"predecessor-version":[{"id":49213,"href":"https:\/\/www.kunstloft.ch\/magazin\/wp-json\/wp\/v2\/pages\/43\/revisions\/49213"}],"wp:attachment":[{"href":"https:\/\/www.kunstloft.ch\/magazin\/wp-json\/wp\/v2\/media?parent=43"}],"curies":[{"name":"wp","href":"https:\/\/api.w.org\/{rel}","templated":true}]}}